{"id":745,"date":"2025-02-04T10:12:30","date_gmt":"2025-02-04T09:12:30","guid":{"rendered":"https:\/\/www.dansenvie.com\/?page_id=745"},"modified":"2025-12-08T16:19:37","modified_gmt":"2025-12-08T15:19:37","slug":"nos-partenaires","status":"publish","type":"page","link":"https:\/\/www.dansenvie.com\/index.php\/nos-partenaires\/","title":{"rendered":"Nos Partenaires"},"content":{"rendered":"\n<p><strong>Les partenaires institutionnels :<\/strong><br>&#8211; <a href=\"http:\/\/www.ville-boe.fr\/\" target=\"_blank\" rel=\"noreferrer noopener\">Bo\u00e9<\/a><br>&#8211; <a href=\"http:\/\/www.ville-bon-encontre.fr\/\" target=\"_blank\" rel=\"noreferrer noopener\">Bon Encontre<\/a><br>&#8211; <a href=\"http:\/\/www.colayrac-saint-cirq.fr\/\" target=\"_blank\" rel=\"noreferrer noopener\">Colayrac Saint Cirq<\/a><br>&#8211; <a href=\"http:\/\/www.ville-foulayronnes.fr\/\" target=\"_blank\" rel=\"noreferrer noopener\">Foulayronnes<br><\/a>&#8211; <a href=\"http:\/\/www.lotetgaronne.fr\/\" target=\"_blank\" rel=\"noreferrer noopener\">Conseil D\u00e9partemental 47<\/a><\/p>\n\n\n\n<p><strong>Les partenaires :<\/strong><\/p>\n\n\n\n<p>&#8211; <a href=\"http:\/\/www.algeei.org\/\" target=\"_blank\" rel=\"noreferrer noopener\">Algeei<br><\/a>&#8211; <a href=\"https:\/\/coopimefongrave.wixsite.com\/monsite\" target=\"_blank\" rel=\"noreferrer noopener\">Coop\u00e9rative Scolaire IME Fongrave<\/a><a href=\"http:\/\/www.algeei.org\/\" target=\"_blank\" rel=\"noreferrer noopener\"><br><\/a>&#8211; <a href=\"http:\/\/www.orchestre-ecole.com\/\" target=\"_blank\" rel=\"noreferrer noopener\">Orchestre \u00e0 l&rsquo;Ecole<\/a><a href=\"http:\/\/www.algeei.org\/\" target=\"_blank\" rel=\"noreferrer noopener\"><br><\/a>&#8211; <a href=\"http:\/\/www.algeei.org\/projet-34-IME+FONGRAVE.html\" target=\"_blank\" rel=\"noreferrer noopener\">IME Fongrave et Lalande<\/a><br>&#8211; Coll\u00e8ge Ducos du Hauron Agen\u00a0<br>&#8211; \u00c9cole \u00e9l\u00e9mentaire d&rsquo;Estillac<\/p>\n\n\n\n<p><strong>Amis, Musiciens :<\/strong><\/p>\n\n\n\n<p>&#8211; <a href=\"http:\/\/www.sortir47.fr\/\" target=\"_blank\" rel=\"noreferrer noopener\">Sortir 47<\/a><br>&#8211; <a href=\"https:\/\/diademrecords.fr\/\">Diadem Records\u00a0<\/a><br>&#8211; <a href=\"https:\/\/michelfraisse47.wixsite.com\/michelfraisse?fbclid=IwY2xjawOjy7BleHRuA2FlbQIxMABicmlkETFRVDZiSTg4RGQ3S1RCR3J4c3J0YwZhcHBfaWQQMjIyMDM5MTc4ODIwMDg5MgABHoYJyoH4dbKG5CVYpr51zOw-u4ajV3-w8sudbIcAgqHbsLy0ZJg_jlhzOgPv_aem_ADed8K7YGesPmdNhIsFhsA\">Michel Fraisse<\/a>\u00a0<a href=\"http:\/\/www.indiaetsonjules.fr\/\" target=\"_blank\" rel=\"noreferrer noopener\"><br><\/a>&#8211; <a href=\"http:\/\/foliesvocales.com\/\" target=\"_blank\" rel=\"noreferrer noopener\">Les Folies Vocales<br><\/a>&#8211; <a href=\"http:\/\/www.bouchonsdamour.com\/\" target=\"_blank\" rel=\"noreferrer noopener\">Les Bouchons d&rsquo;Amour<\/a><br>&#8211; <a href=\"https:\/\/www.cheznousvosthes.fr\/\">Chez Nous Vos Th\u00e9s<\/a><\/p>\n\n\n\n<p><strong>R\u00e9paration, Achats :<\/strong><\/p>\n\n\n\n<p>&#8211; <a href=\"https:\/\/www.pagesjaunes.fr\/pros\/62301271\">Piano Chauvin<\/a><br>&#8211; <a href=\"http:\/\/www.maccamusic.com\/\" target=\"_blank\" rel=\"noreferrer noopener\">Maccamusic<br><\/a>&#8211; <a href=\"http:\/\/www.facebook.com\/pg\/atelierlapetiteharmonie\" target=\"_blank\" rel=\"noreferrer noopener\">Atelier La Petite Harmonie<\/a><br>&#8211; <a href=\"http:\/\/www.julienregnier.com\/\" target=\"_blank\" rel=\"noreferrer noopener\">Julien R\u00e9gnier<\/a><\/p>\n\n\n\n<p><strong>Divers :<\/strong><br>&#8211; <a href=\"http:\/\/www.cqfd-ec.com\/\" target=\"_blank\" rel=\"noreferrer noopener\">Expertise Comptable CQFD<\/a><\/p>\n","protected":false},"excerpt":{"rendered":"<p>Les partenaires institutionnels :&#8211; Bo\u00e9&#8211; Bon Encontre&#8211; Colayrac Saint Cirq&#8211; Foulayronnes&#8211; Conseil D\u00e9partemental 47 Les partenaires : &#8211; Algeei&#8211; Coop\u00e9rative Scolaire IME Fongrave&#8211; Orchestre \u00e0 l&rsquo;Ecole&#8211; IME Fongrave et Lalande&#8211; Coll\u00e8ge Ducos du Hauron Agen\u00a0&#8211; \u00c9cole \u00e9l\u00e9mentaire d&rsquo;Estillac Amis, Musiciens : &#8211; Sortir 47&#8211; Diadem Records\u00a0&#8211; Michel Fraisse\u00a0&#8211; Les Folies Vocales&#8211; Les Bouchons d&rsquo;Amour&#8211; Chez &hellip; <\/p>\n<p class=\"link-more\"><a href=\"https:\/\/www.dansenvie.com\/index.php\/nos-partenaires\/\" class=\"more-link\">Continuer la lecture<span class=\"screen-reader-text\"> de &laquo;&nbsp;Nos Partenaires&nbsp;&raquo;<\/span><\/a><\/p>\n","protected":false},"author":1,"featured_media":0,"parent":0,"menu_order":0,"comment_status":"closed","ping_status":"closed","template":"","meta":{"_themeisle_gutenberg_block_has_review":false,"footnotes":""},"class_list":["post-745","page","type-page","status-publish","hentry"],"yoast_head":"<!-- This site is optimized with the Yoast SEO plugin v27.3 - https:\/\/yoast.com\/product\/yoast-seo-wordpress\/ -->\n<title>Nos Partenaires - DANSENVIE<\/title>\n<meta name=\"robots\" content=\"index, follow, max-snippet:-1, max-image-preview:large, max-video-preview:-1\" \/>\n<link rel=\"canonical\" href=\"https:\/\/www.dansenvie.com\/index.php\/nos-partenaires\/\" \/>\n<meta property=\"og:locale\" content=\"fr_FR\" \/>\n<meta property=\"og:type\" content=\"article\" \/>\n<meta property=\"og:title\" content=\"Nos Partenaires - DANSENVIE\" \/>\n<meta property=\"og:description\" content=\"Les partenaires institutionnels :&#8211; Bo\u00e9&#8211; Bon Encontre&#8211; Colayrac Saint Cirq&#8211; Foulayronnes&#8211; Conseil D\u00e9partemental 47 Les partenaires : &#8211; Algeei&#8211; Coop\u00e9rative Scolaire IME Fongrave&#8211; Orchestre \u00e0 l&rsquo;Ecole&#8211; IME Fongrave et Lalande&#8211; Coll\u00e8ge Ducos du Hauron Agen\u00a0&#8211; \u00c9cole \u00e9l\u00e9mentaire d&rsquo;Estillac Amis, Musiciens : &#8211; Sortir 47&#8211; Diadem Records\u00a0&#8211; Michel Fraisse\u00a0&#8211; Les Folies Vocales&#8211; Les Bouchons d&rsquo;Amour&#8211; Chez &hellip; Continuer la lecture de &laquo;&nbsp;Nos Partenaires&nbsp;&raquo;\" \/>\n<meta property=\"og:url\" content=\"https:\/\/www.dansenvie.com\/index.php\/nos-partenaires\/\" \/>\n<meta property=\"og:site_name\" content=\"DANSENVIE\" \/>\n<meta property=\"article:publisher\" content=\"https:\/\/www.facebook.com\/profile.php?id=100093099844259\" \/>\n<meta property=\"article:modified_time\" content=\"2025-12-08T15:19:37+00:00\" \/>\n<meta name=\"twitter:card\" content=\"summary_large_image\" \/>\n<meta name=\"twitter:label1\" content=\"Dur\u00e9e de lecture estim\u00e9e\" \/>\n\t<meta name=\"twitter:data1\" content=\"1 minute\" \/>\n<script type=\"application\/ld+json\" class=\"yoast-schema-graph\">{\"@context\":\"https:\\\/\\\/schema.org\",\"@graph\":[{\"@type\":\"WebPage\",\"@id\":\"https:\\\/\\\/www.dansenvie.com\\\/index.php\\\/nos-partenaires\\\/\",\"url\":\"https:\\\/\\\/www.dansenvie.com\\\/index.php\\\/nos-partenaires\\\/\",\"name\":\"Nos Partenaires - DANSENVIE\",\"isPartOf\":{\"@id\":\"https:\\\/\\\/www.dansenvie.com\\\/#website\"},\"datePublished\":\"2025-02-04T09:12:30+00:00\",\"dateModified\":\"2025-12-08T15:19:37+00:00\",\"breadcrumb\":{\"@id\":\"https:\\\/\\\/www.dansenvie.com\\\/index.php\\\/nos-partenaires\\\/#breadcrumb\"},\"inLanguage\":\"fr-FR\",\"potentialAction\":[{\"@type\":\"ReadAction\",\"target\":[\"https:\\\/\\\/www.dansenvie.com\\\/index.php\\\/nos-partenaires\\\/\"]}]},{\"@type\":\"BreadcrumbList\",\"@id\":\"https:\\\/\\\/www.dansenvie.com\\\/index.php\\\/nos-partenaires\\\/#breadcrumb\",\"itemListElement\":[{\"@type\":\"ListItem\",\"position\":1,\"name\":\"Accueil\",\"item\":\"https:\\\/\\\/www.dansenvie.com\\\/\"},{\"@type\":\"ListItem\",\"position\":2,\"name\":\"Nos Partenaires\"}]},{\"@type\":\"WebSite\",\"@id\":\"https:\\\/\\\/www.dansenvie.com\\\/#website\",\"url\":\"https:\\\/\\\/www.dansenvie.com\\\/\",\"name\":\"DANSENVIE\",\"description\":\"L&#039;\u00c9cole de danse associative Bo\u00e9, Bon-Encontre, Colayrac, Foulayronnes\",\"publisher\":{\"@id\":\"https:\\\/\\\/www.dansenvie.com\\\/#organization\"},\"potentialAction\":[{\"@type\":\"SearchAction\",\"target\":{\"@type\":\"EntryPoint\",\"urlTemplate\":\"https:\\\/\\\/www.dansenvie.com\\\/?s={search_term_string}\"},\"query-input\":{\"@type\":\"PropertyValueSpecification\",\"valueRequired\":true,\"valueName\":\"search_term_string\"}}],\"inLanguage\":\"fr-FR\"},{\"@type\":\"Organization\",\"@id\":\"https:\\\/\\\/www.dansenvie.com\\\/#organization\",\"name\":\"DANSENVIE\",\"url\":\"https:\\\/\\\/www.dansenvie.com\\\/\",\"logo\":{\"@type\":\"ImageObject\",\"inLanguage\":\"fr-FR\",\"@id\":\"https:\\\/\\\/www.dansenvie.com\\\/#\\\/schema\\\/logo\\\/image\\\/\",\"url\":\"http:\\\/\\\/www.dansenvie.com\\\/wp-content\\\/uploads\\\/2023\\\/05\\\/cropped-Logo-DansEnvie.png\",\"contentUrl\":\"http:\\\/\\\/www.dansenvie.com\\\/wp-content\\\/uploads\\\/2023\\\/05\\\/cropped-Logo-DansEnvie.png\",\"width\":659,\"height\":250,\"caption\":\"DANSENVIE\"},\"image\":{\"@id\":\"https:\\\/\\\/www.dansenvie.com\\\/#\\\/schema\\\/logo\\\/image\\\/\"},\"sameAs\":[\"https:\\\/\\\/www.facebook.com\\\/profile.php?id=100093099844259\"]}]}<\/script>\n<!-- \/ Yoast SEO plugin. -->","yoast_head_json":{"title":"Nos Partenaires - DANSENVIE","robots":{"index":"index","follow":"follow","max-snippet":"max-snippet:-1","max-image-preview":"max-image-preview:large","max-video-preview":"max-video-preview:-1"},"canonical":"https:\/\/www.dansenvie.com\/index.php\/nos-partenaires\/","og_locale":"fr_FR","og_type":"article","og_title":"Nos Partenaires - DANSENVIE","og_description":"Les partenaires institutionnels :&#8211; Bo\u00e9&#8211; Bon Encontre&#8211; Colayrac Saint Cirq&#8211; Foulayronnes&#8211; Conseil D\u00e9partemental 47 Les partenaires : &#8211; Algeei&#8211; Coop\u00e9rative Scolaire IME Fongrave&#8211; Orchestre \u00e0 l&rsquo;Ecole&#8211; IME Fongrave et Lalande&#8211; Coll\u00e8ge Ducos du Hauron Agen\u00a0&#8211; \u00c9cole \u00e9l\u00e9mentaire d&rsquo;Estillac Amis, Musiciens : &#8211; Sortir 47&#8211; Diadem Records\u00a0&#8211; Michel Fraisse\u00a0&#8211; Les Folies Vocales&#8211; Les Bouchons d&rsquo;Amour&#8211; Chez &hellip; Continuer la lecture de &laquo;&nbsp;Nos Partenaires&nbsp;&raquo;","og_url":"https:\/\/www.dansenvie.com\/index.php\/nos-partenaires\/","og_site_name":"DANSENVIE","article_publisher":"https:\/\/www.facebook.com\/profile.php?id=100093099844259","article_modified_time":"2025-12-08T15:19:37+00:00","twitter_card":"summary_large_image","twitter_misc":{"Dur\u00e9e de lecture estim\u00e9e":"1 minute"},"schema":{"@context":"https:\/\/schema.org","@graph":[{"@type":"WebPage","@id":"https:\/\/www.dansenvie.com\/index.php\/nos-partenaires\/","url":"https:\/\/www.dansenvie.com\/index.php\/nos-partenaires\/","name":"Nos Partenaires - DANSENVIE","isPartOf":{"@id":"https:\/\/www.dansenvie.com\/#website"},"datePublished":"2025-02-04T09:12:30+00:00","dateModified":"2025-12-08T15:19:37+00:00","breadcrumb":{"@id":"https:\/\/www.dansenvie.com\/index.php\/nos-partenaires\/#breadcrumb"},"inLanguage":"fr-FR","potentialAction":[{"@type":"ReadAction","target":["https:\/\/www.dansenvie.com\/index.php\/nos-partenaires\/"]}]},{"@type":"BreadcrumbList","@id":"https:\/\/www.dansenvie.com\/index.php\/nos-partenaires\/#breadcrumb","itemListElement":[{"@type":"ListItem","position":1,"name":"Accueil","item":"https:\/\/www.dansenvie.com\/"},{"@type":"ListItem","position":2,"name":"Nos Partenaires"}]},{"@type":"WebSite","@id":"https:\/\/www.dansenvie.com\/#website","url":"https:\/\/www.dansenvie.com\/","name":"DANSENVIE","description":"L&#039;\u00c9cole de danse associative Bo\u00e9, Bon-Encontre, Colayrac, Foulayronnes","publisher":{"@id":"https:\/\/www.dansenvie.com\/#organization"},"potentialAction":[{"@type":"SearchAction","target":{"@type":"EntryPoint","urlTemplate":"https:\/\/www.dansenvie.com\/?s={search_term_string}"},"query-input":{"@type":"PropertyValueSpecification","valueRequired":true,"valueName":"search_term_string"}}],"inLanguage":"fr-FR"},{"@type":"Organization","@id":"https:\/\/www.dansenvie.com\/#organization","name":"DANSENVIE","url":"https:\/\/www.dansenvie.com\/","logo":{"@type":"ImageObject","inLanguage":"fr-FR","@id":"https:\/\/www.dansenvie.com\/#\/schema\/logo\/image\/","url":"http:\/\/www.dansenvie.com\/wp-content\/uploads\/2023\/05\/cropped-Logo-DansEnvie.png","contentUrl":"http:\/\/www.dansenvie.com\/wp-content\/uploads\/2023\/05\/cropped-Logo-DansEnvie.png","width":659,"height":250,"caption":"DANSENVIE"},"image":{"@id":"https:\/\/www.dansenvie.com\/#\/schema\/logo\/image\/"},"sameAs":["https:\/\/www.facebook.com\/profile.php?id=100093099844259"]}]}},"_links":{"self":[{"href":"https:\/\/www.dansenvie.com\/index.php\/wp-json\/wp\/v2\/pages\/745","targetHints":{"allow":["GET"]}}],"collection":[{"href":"https:\/\/www.dansenvie.com\/index.php\/wp-json\/wp\/v2\/pages"}],"about":[{"href":"https:\/\/www.dansenvie.com\/index.php\/wp-json\/wp\/v2\/types\/page"}],"author":[{"embeddable":true,"href":"https:\/\/www.dansenvie.com\/index.php\/wp-json\/wp\/v2\/users\/1"}],"replies":[{"embeddable":true,"href":"https:\/\/www.dansenvie.com\/index.php\/wp-json\/wp\/v2\/comments?post=745"}],"version-history":[{"count":3,"href":"https:\/\/www.dansenvie.com\/index.php\/wp-json\/wp\/v2\/pages\/745\/revisions"}],"predecessor-version":[{"id":927,"href":"https:\/\/www.dansenvie.com\/index.php\/wp-json\/wp\/v2\/pages\/745\/revisions\/927"}],"wp:attachment":[{"href":"https:\/\/www.dansenvie.com\/index.php\/wp-json\/wp\/v2\/media?parent=745"}],"curies":[{"name":"wp","href":"https:\/\/api.w.org\/{rel}","templated":true}]}}