{"id":663,"date":"2024-07-08T15:56:17","date_gmt":"2024-07-08T13:56:17","guid":{"rendered":"https:\/\/www.dansenvie.com\/?page_id=663"},"modified":"2025-07-29T11:16:54","modified_gmt":"2025-07-29T09:16:54","slug":"modern-jazz","status":"publish","type":"page","link":"https:\/\/www.dansenvie.com\/index.php\/modern-jazz\/","title":{"rendered":"Modern&rsquo; Jazz"},"content":{"rendered":"\n<figure class=\"wp-block-image size-large is-resized\"><img loading=\"lazy\" decoding=\"async\" width=\"1024\" height=\"683\" src=\"https:\/\/www.dansenvie.com\/wp-content\/uploads\/2024\/08\/Disciplines_enseignees_emouvant_ecole-de-danse_pinninque-1024x683.jpg\" alt=\"\" class=\"wp-image-678\" style=\"width:490px;height:auto\" srcset=\"https:\/\/www.dansenvie.com\/wp-content\/uploads\/2024\/08\/Disciplines_enseignees_emouvant_ecole-de-danse_pinninque-1024x683.jpg 1024w, https:\/\/www.dansenvie.com\/wp-content\/uploads\/2024\/08\/Disciplines_enseignees_emouvant_ecole-de-danse_pinninque-300x200.jpg 300w, https:\/\/www.dansenvie.com\/wp-content\/uploads\/2024\/08\/Disciplines_enseignees_emouvant_ecole-de-danse_pinninque-768x512.jpg 768w, https:\/\/www.dansenvie.com\/wp-content\/uploads\/2024\/08\/Disciplines_enseignees_emouvant_ecole-de-danse_pinninque-1536x1025.jpg 1536w, https:\/\/www.dansenvie.com\/wp-content\/uploads\/2024\/08\/Disciplines_enseignees_emouvant_ecole-de-danse_pinninque.jpg 1688w\" sizes=\"auto, (max-width: 767px) 89vw, (max-width: 1000px) 54vw, (max-width: 1071px) 543px, 580px\" \/><\/figure>\n\n\n\n<p>Le cours de danse modern&rsquo; jazz combine les \u00e9l\u00e9ments du jazz, du ballet et de la danse contemporaine. <br>Vous mettrez l&rsquo;accent sur l&rsquo;expressivit\u00e9, la musicalit\u00e9 et la technique en travaillent la coordination, la fluidit\u00e9 des mouvements, et l&rsquo;\u00e9nergie rythmique \u00e0 travers des encha\u00eenements chor\u00e9graphiques dynamiques et vari\u00e9s. <br>C&rsquo;est une discipline cr\u00e9ative qui permet de d\u00e9velopper la souplesse, la force, et le sens artistique.<br><\/p>\n\n\n\n<p><strong>Avec Morgane le mardi \u00e0 Bon-Encontre <\/strong><br>Modern&rsquo; Jazz Ados : 17h45-19h<br>Modern&rsquo; Jazz Adultes : 19h-20h30<br><br><strong>Avec Morgane le mercredi \u00e0 Foulayronnes<\/strong> <br>Modern&rsquo; Jazz Enfants (7-11ans) : 15h45-16h45<\/p>\n\n\n\n<p> <\/p>\n\n\n\n<p><\/p>\n","protected":false},"excerpt":{"rendered":"<p>Le cours de danse modern&rsquo; jazz combine les \u00e9l\u00e9ments du jazz, du ballet et de la danse contemporaine. Vous mettrez l&rsquo;accent sur l&rsquo;expressivit\u00e9, la musicalit\u00e9 et la technique en travaillent la coordination, la fluidit\u00e9 des mouvements, et l&rsquo;\u00e9nergie rythmique \u00e0 travers des encha\u00eenements chor\u00e9graphiques dynamiques et vari\u00e9s. C&rsquo;est une discipline cr\u00e9ative qui permet de d\u00e9velopper &hellip; <\/p>\n<p class=\"link-more\"><a href=\"https:\/\/www.dansenvie.com\/index.php\/modern-jazz\/\" class=\"more-link\">Continuer la lecture<span class=\"screen-reader-text\"> de &laquo;&nbsp;Modern&rsquo; Jazz&nbsp;&raquo;<\/span><\/a><\/p>\n","protected":false},"author":1,"featured_media":0,"parent":0,"menu_order":0,"comment_status":"closed","ping_status":"closed","template":"","meta":{"_themeisle_gutenberg_block_has_review":false,"footnotes":""},"class_list":["post-663","page","type-page","status-publish","hentry"],"yoast_head":"<!-- This site is optimized with the Yoast SEO plugin v27.5 - https:\/\/yoast.com\/product\/yoast-seo-wordpress\/ -->\n<title>Modern&#039; Jazz - DANSENVIE<\/title>\n<meta name=\"robots\" content=\"index, follow, max-snippet:-1, max-image-preview:large, max-video-preview:-1\" \/>\n<link rel=\"canonical\" href=\"https:\/\/www.dansenvie.com\/index.php\/modern-jazz\/\" \/>\n<meta property=\"og:locale\" content=\"fr_FR\" \/>\n<meta property=\"og:type\" content=\"article\" \/>\n<meta property=\"og:title\" content=\"Modern&#039; Jazz - DANSENVIE\" \/>\n<meta property=\"og:description\" content=\"Le cours de danse modern&rsquo; jazz combine les \u00e9l\u00e9ments du jazz, du ballet et de la danse contemporaine. Vous mettrez l&rsquo;accent sur l&rsquo;expressivit\u00e9, la musicalit\u00e9 et la technique en travaillent la coordination, la fluidit\u00e9 des mouvements, et l&rsquo;\u00e9nergie rythmique \u00e0 travers des encha\u00eenements chor\u00e9graphiques dynamiques et vari\u00e9s. C&rsquo;est une discipline cr\u00e9ative qui permet de d\u00e9velopper &hellip; Continuer la lecture de &laquo;&nbsp;Modern&rsquo; Jazz&nbsp;&raquo;\" \/>\n<meta property=\"og:url\" content=\"https:\/\/www.dansenvie.com\/index.php\/modern-jazz\/\" \/>\n<meta property=\"og:site_name\" content=\"DANSENVIE\" \/>\n<meta property=\"article:publisher\" content=\"https:\/\/www.facebook.com\/profile.php?id=100093099844259\" \/>\n<meta property=\"article:modified_time\" content=\"2025-07-29T09:16:54+00:00\" \/>\n<meta property=\"og:image\" content=\"https:\/\/www.dansenvie.com\/wp-content\/uploads\/2024\/08\/Disciplines_enseignees_emouvant_ecole-de-danse_pinninque.jpg\" \/>\n\t<meta property=\"og:image:width\" content=\"1688\" \/>\n\t<meta property=\"og:image:height\" content=\"1126\" \/>\n\t<meta property=\"og:image:type\" content=\"image\/jpeg\" \/>\n<meta name=\"twitter:card\" content=\"summary_large_image\" \/>\n<meta name=\"twitter:label1\" content=\"Dur\u00e9e de lecture estim\u00e9e\" \/>\n\t<meta name=\"twitter:data1\" content=\"1 minute\" \/>\n<script type=\"application\/ld+json\" class=\"yoast-schema-graph\">{\"@context\":\"https:\\\/\\\/schema.org\",\"@graph\":[{\"@type\":\"WebPage\",\"@id\":\"https:\\\/\\\/www.dansenvie.com\\\/index.php\\\/modern-jazz\\\/\",\"url\":\"https:\\\/\\\/www.dansenvie.com\\\/index.php\\\/modern-jazz\\\/\",\"name\":\"Modern' Jazz - DANSENVIE\",\"isPartOf\":{\"@id\":\"https:\\\/\\\/www.dansenvie.com\\\/#website\"},\"primaryImageOfPage\":{\"@id\":\"https:\\\/\\\/www.dansenvie.com\\\/index.php\\\/modern-jazz\\\/#primaryimage\"},\"image\":{\"@id\":\"https:\\\/\\\/www.dansenvie.com\\\/index.php\\\/modern-jazz\\\/#primaryimage\"},\"thumbnailUrl\":\"https:\\\/\\\/www.dansenvie.com\\\/wp-content\\\/uploads\\\/2024\\\/08\\\/Disciplines_enseignees_emouvant_ecole-de-danse_pinninque-1024x683.jpg\",\"datePublished\":\"2024-07-08T13:56:17+00:00\",\"dateModified\":\"2025-07-29T09:16:54+00:00\",\"breadcrumb\":{\"@id\":\"https:\\\/\\\/www.dansenvie.com\\\/index.php\\\/modern-jazz\\\/#breadcrumb\"},\"inLanguage\":\"fr-FR\",\"potentialAction\":[{\"@type\":\"ReadAction\",\"target\":[\"https:\\\/\\\/www.dansenvie.com\\\/index.php\\\/modern-jazz\\\/\"]}]},{\"@type\":\"ImageObject\",\"inLanguage\":\"fr-FR\",\"@id\":\"https:\\\/\\\/www.dansenvie.com\\\/index.php\\\/modern-jazz\\\/#primaryimage\",\"url\":\"https:\\\/\\\/www.dansenvie.com\\\/wp-content\\\/uploads\\\/2024\\\/08\\\/Disciplines_enseignees_emouvant_ecole-de-danse_pinninque.jpg\",\"contentUrl\":\"https:\\\/\\\/www.dansenvie.com\\\/wp-content\\\/uploads\\\/2024\\\/08\\\/Disciplines_enseignees_emouvant_ecole-de-danse_pinninque.jpg\",\"width\":1688,\"height\":1126},{\"@type\":\"BreadcrumbList\",\"@id\":\"https:\\\/\\\/www.dansenvie.com\\\/index.php\\\/modern-jazz\\\/#breadcrumb\",\"itemListElement\":[{\"@type\":\"ListItem\",\"position\":1,\"name\":\"Accueil\",\"item\":\"https:\\\/\\\/www.dansenvie.com\\\/\"},{\"@type\":\"ListItem\",\"position\":2,\"name\":\"Modern&rsquo; Jazz\"}]},{\"@type\":\"WebSite\",\"@id\":\"https:\\\/\\\/www.dansenvie.com\\\/#website\",\"url\":\"https:\\\/\\\/www.dansenvie.com\\\/\",\"name\":\"DANSENVIE\",\"description\":\"L&#039;\u00c9cole de danse associative Bo\u00e9, Bon-Encontre, Colayrac, Foulayronnes\",\"publisher\":{\"@id\":\"https:\\\/\\\/www.dansenvie.com\\\/#organization\"},\"potentialAction\":[{\"@type\":\"SearchAction\",\"target\":{\"@type\":\"EntryPoint\",\"urlTemplate\":\"https:\\\/\\\/www.dansenvie.com\\\/?s={search_term_string}\"},\"query-input\":{\"@type\":\"PropertyValueSpecification\",\"valueRequired\":true,\"valueName\":\"search_term_string\"}}],\"inLanguage\":\"fr-FR\"},{\"@type\":\"Organization\",\"@id\":\"https:\\\/\\\/www.dansenvie.com\\\/#organization\",\"name\":\"DANSENVIE\",\"url\":\"https:\\\/\\\/www.dansenvie.com\\\/\",\"logo\":{\"@type\":\"ImageObject\",\"inLanguage\":\"fr-FR\",\"@id\":\"https:\\\/\\\/www.dansenvie.com\\\/#\\\/schema\\\/logo\\\/image\\\/\",\"url\":\"http:\\\/\\\/www.dansenvie.com\\\/wp-content\\\/uploads\\\/2023\\\/05\\\/cropped-Logo-DansEnvie.png\",\"contentUrl\":\"http:\\\/\\\/www.dansenvie.com\\\/wp-content\\\/uploads\\\/2023\\\/05\\\/cropped-Logo-DansEnvie.png\",\"width\":659,\"height\":250,\"caption\":\"DANSENVIE\"},\"image\":{\"@id\":\"https:\\\/\\\/www.dansenvie.com\\\/#\\\/schema\\\/logo\\\/image\\\/\"},\"sameAs\":[\"https:\\\/\\\/www.facebook.com\\\/profile.php?id=100093099844259\"]}]}<\/script>\n<!-- \/ Yoast SEO plugin. -->","yoast_head_json":{"title":"Modern' Jazz - DANSENVIE","robots":{"index":"index","follow":"follow","max-snippet":"max-snippet:-1","max-image-preview":"max-image-preview:large","max-video-preview":"max-video-preview:-1"},"canonical":"https:\/\/www.dansenvie.com\/index.php\/modern-jazz\/","og_locale":"fr_FR","og_type":"article","og_title":"Modern' Jazz - DANSENVIE","og_description":"Le cours de danse modern&rsquo; jazz combine les \u00e9l\u00e9ments du jazz, du ballet et de la danse contemporaine. Vous mettrez l&rsquo;accent sur l&rsquo;expressivit\u00e9, la musicalit\u00e9 et la technique en travaillent la coordination, la fluidit\u00e9 des mouvements, et l&rsquo;\u00e9nergie rythmique \u00e0 travers des encha\u00eenements chor\u00e9graphiques dynamiques et vari\u00e9s. C&rsquo;est une discipline cr\u00e9ative qui permet de d\u00e9velopper &hellip; Continuer la lecture de &laquo;&nbsp;Modern&rsquo; Jazz&nbsp;&raquo;","og_url":"https:\/\/www.dansenvie.com\/index.php\/modern-jazz\/","og_site_name":"DANSENVIE","article_publisher":"https:\/\/www.facebook.com\/profile.php?id=100093099844259","article_modified_time":"2025-07-29T09:16:54+00:00","og_image":[{"width":1688,"height":1126,"url":"https:\/\/www.dansenvie.com\/wp-content\/uploads\/2024\/08\/Disciplines_enseignees_emouvant_ecole-de-danse_pinninque.jpg","type":"image\/jpeg"}],"twitter_card":"summary_large_image","twitter_misc":{"Dur\u00e9e de lecture estim\u00e9e":"1 minute"},"schema":{"@context":"https:\/\/schema.org","@graph":[{"@type":"WebPage","@id":"https:\/\/www.dansenvie.com\/index.php\/modern-jazz\/","url":"https:\/\/www.dansenvie.com\/index.php\/modern-jazz\/","name":"Modern' Jazz - DANSENVIE","isPartOf":{"@id":"https:\/\/www.dansenvie.com\/#website"},"primaryImageOfPage":{"@id":"https:\/\/www.dansenvie.com\/index.php\/modern-jazz\/#primaryimage"},"image":{"@id":"https:\/\/www.dansenvie.com\/index.php\/modern-jazz\/#primaryimage"},"thumbnailUrl":"https:\/\/www.dansenvie.com\/wp-content\/uploads\/2024\/08\/Disciplines_enseignees_emouvant_ecole-de-danse_pinninque-1024x683.jpg","datePublished":"2024-07-08T13:56:17+00:00","dateModified":"2025-07-29T09:16:54+00:00","breadcrumb":{"@id":"https:\/\/www.dansenvie.com\/index.php\/modern-jazz\/#breadcrumb"},"inLanguage":"fr-FR","potentialAction":[{"@type":"ReadAction","target":["https:\/\/www.dansenvie.com\/index.php\/modern-jazz\/"]}]},{"@type":"ImageObject","inLanguage":"fr-FR","@id":"https:\/\/www.dansenvie.com\/index.php\/modern-jazz\/#primaryimage","url":"https:\/\/www.dansenvie.com\/wp-content\/uploads\/2024\/08\/Disciplines_enseignees_emouvant_ecole-de-danse_pinninque.jpg","contentUrl":"https:\/\/www.dansenvie.com\/wp-content\/uploads\/2024\/08\/Disciplines_enseignees_emouvant_ecole-de-danse_pinninque.jpg","width":1688,"height":1126},{"@type":"BreadcrumbList","@id":"https:\/\/www.dansenvie.com\/index.php\/modern-jazz\/#breadcrumb","itemListElement":[{"@type":"ListItem","position":1,"name":"Accueil","item":"https:\/\/www.dansenvie.com\/"},{"@type":"ListItem","position":2,"name":"Modern&rsquo; Jazz"}]},{"@type":"WebSite","@id":"https:\/\/www.dansenvie.com\/#website","url":"https:\/\/www.dansenvie.com\/","name":"DANSENVIE","description":"L&#039;\u00c9cole de danse associative Bo\u00e9, Bon-Encontre, Colayrac, Foulayronnes","publisher":{"@id":"https:\/\/www.dansenvie.com\/#organization"},"potentialAction":[{"@type":"SearchAction","target":{"@type":"EntryPoint","urlTemplate":"https:\/\/www.dansenvie.com\/?s={search_term_string}"},"query-input":{"@type":"PropertyValueSpecification","valueRequired":true,"valueName":"search_term_string"}}],"inLanguage":"fr-FR"},{"@type":"Organization","@id":"https:\/\/www.dansenvie.com\/#organization","name":"DANSENVIE","url":"https:\/\/www.dansenvie.com\/","logo":{"@type":"ImageObject","inLanguage":"fr-FR","@id":"https:\/\/www.dansenvie.com\/#\/schema\/logo\/image\/","url":"http:\/\/www.dansenvie.com\/wp-content\/uploads\/2023\/05\/cropped-Logo-DansEnvie.png","contentUrl":"http:\/\/www.dansenvie.com\/wp-content\/uploads\/2023\/05\/cropped-Logo-DansEnvie.png","width":659,"height":250,"caption":"DANSENVIE"},"image":{"@id":"https:\/\/www.dansenvie.com\/#\/schema\/logo\/image\/"},"sameAs":["https:\/\/www.facebook.com\/profile.php?id=100093099844259"]}]}},"_links":{"self":[{"href":"https:\/\/www.dansenvie.com\/index.php\/wp-json\/wp\/v2\/pages\/663","targetHints":{"allow":["GET"]}}],"collection":[{"href":"https:\/\/www.dansenvie.com\/index.php\/wp-json\/wp\/v2\/pages"}],"about":[{"href":"https:\/\/www.dansenvie.com\/index.php\/wp-json\/wp\/v2\/types\/page"}],"author":[{"embeddable":true,"href":"https:\/\/www.dansenvie.com\/index.php\/wp-json\/wp\/v2\/users\/1"}],"replies":[{"embeddable":true,"href":"https:\/\/www.dansenvie.com\/index.php\/wp-json\/wp\/v2\/comments?post=663"}],"version-history":[{"count":3,"href":"https:\/\/www.dansenvie.com\/index.php\/wp-json\/wp\/v2\/pages\/663\/revisions"}],"predecessor-version":[{"id":860,"href":"https:\/\/www.dansenvie.com\/index.php\/wp-json\/wp\/v2\/pages\/663\/revisions\/860"}],"wp:attachment":[{"href":"https:\/\/www.dansenvie.com\/index.php\/wp-json\/wp\/v2\/media?parent=663"}],"curies":[{"name":"wp","href":"https:\/\/api.w.org\/{rel}","templated":true}]}}