{"id":512,"date":"2024-02-13T09:50:50","date_gmt":"2024-02-13T08:50:50","guid":{"rendered":"https:\/\/www.dansenvie.com\/?page_id=512"},"modified":"2026-02-10T11:49:42","modified_gmt":"2026-02-10T10:49:42","slug":"tarifs-et-inscriptions-musiquendans","status":"publish","type":"page","link":"https:\/\/www.dansenvie.com\/index.php\/tarifs-et-inscriptions-musiquendans\/","title":{"rendered":"Tarifs et Inscriptions MusiquenDans&rsquo;"},"content":{"rendered":"\n<p class=\"has-luminous-vivid-amber-color has-text-color has-link-color wp-elements-82712acc5a763044c3c84a53683539bc\"><strong>Stage Danse<\/strong><\/p>\n\n\n\n<p><strong>150 \u20ac<\/strong>&nbsp;pour les \u00e9l\u00e8ves de MusiquEnvie.<\/p>\n\n\n\n<p><strong>220 \u20ac<\/strong>&nbsp;pour les \u00e9l\u00e8ves ext\u00e9rieurs.<\/p>\n\n\n\n<p class=\"has-luminous-vivid-amber-color has-text-color has-link-color wp-elements-ac70e9c4c3a522cd55bcfaf06294569e\"><strong>Stage<\/strong>&nbsp;<strong>Musique<\/strong><\/p>\n\n\n\n<p><strong>190 \u20ac<\/strong>&nbsp;pour les \u00e9l\u00e8ves de MusiquEnvie.<\/p>\n\n\n\n<p><strong>295 \u20ac<\/strong>&nbsp;pour les \u00e9l\u00e8ves ext\u00e9rieurs.<\/p>\n\n\n\n<p><\/p>\n\n\n\n<p class=\"has-luminous-vivid-amber-color has-text-color has-link-color wp-elements-96757ae46febba51125076809c257f14\"><strong>RESTAURATION<\/strong><\/p>\n\n\n\n<p>Pour le repas du midi, 3 choix sont possibles :<br>\u2013 Formule repas complet sur place \u00e0 13 euros par jour (r\u00e9servation obligatoire avant le 24 mars)<br>\u2013 Apport personnel du repas pour manger sur place<br>\u2013 Pause repas \u00e0 la maison<\/p>\n\n\n\n<p class=\"has-luminous-vivid-amber-color has-text-color has-link-color wp-elements-f4c6b9212e3d2e26ddfdecbaa2849d8b\"><br><strong>L\u2019INSCRIPTION<\/strong><\/p>\n\n\n\n<p>Pour les stagiaires danseurs non inscrits \u00e0 MUSIQUENVIE, merci de fournir un certificat m\u00e9dical \u00e0 jour lors du d\u00e9p\u00f4t du dossier d\u2019inscription.<\/p>\n\n\n\n<p class=\"has-vivid-cyan-blue-color has-text-color has-link-color has-medium-font-size wp-elements-4acd8baf753a815dc2b4527be88a1782\"><strong><a href=\"https:\/\/www.dansenvie.com\/wp-content\/uploads\/2026\/02\/Inscription-MusiquenDans-2026.pdf\">Bulletin d\u2019inscription ici<\/a><\/strong><\/p>\n\n\n\n<p><strong>Date limite d\u2019inscription : 30 mars 2026, sous r\u00e9serve de places disponibles.<\/strong><\/p>\n\n\n\n<p><\/p>\n","protected":false},"excerpt":{"rendered":"<p>Stage Danse 150 \u20ac&nbsp;pour les \u00e9l\u00e8ves de MusiquEnvie. 220 \u20ac&nbsp;pour les \u00e9l\u00e8ves ext\u00e9rieurs. Stage&nbsp;Musique 190 \u20ac&nbsp;pour les \u00e9l\u00e8ves de MusiquEnvie. 295 \u20ac&nbsp;pour les \u00e9l\u00e8ves ext\u00e9rieurs. RESTAURATION Pour le repas du midi, 3 choix sont possibles :\u2013 Formule repas complet sur place \u00e0 13 euros par jour (r\u00e9servation obligatoire avant le 24 mars)\u2013 Apport personnel du &hellip; <\/p>\n<p class=\"link-more\"><a href=\"https:\/\/www.dansenvie.com\/index.php\/tarifs-et-inscriptions-musiquendans\/\" class=\"more-link\">Continuer la lecture<span class=\"screen-reader-text\"> de &laquo;&nbsp;Tarifs et Inscriptions MusiquenDans&rsquo;&nbsp;&raquo;<\/span><\/a><\/p>\n","protected":false},"author":1,"featured_media":0,"parent":0,"menu_order":0,"comment_status":"closed","ping_status":"closed","template":"","meta":{"_themeisle_gutenberg_block_has_review":false,"footnotes":""},"class_list":["post-512","page","type-page","status-publish","hentry"],"yoast_head":"<!-- This site is optimized with the Yoast SEO plugin v27.4 - https:\/\/yoast.com\/product\/yoast-seo-wordpress\/ -->\n<title>Tarifs et Inscriptions MusiquenDans&#039; - DANSENVIE<\/title>\n<meta name=\"robots\" content=\"index, follow, max-snippet:-1, max-image-preview:large, max-video-preview:-1\" \/>\n<link rel=\"canonical\" href=\"https:\/\/www.dansenvie.com\/index.php\/tarifs-et-inscriptions-musiquendans\/\" \/>\n<meta property=\"og:locale\" content=\"fr_FR\" \/>\n<meta property=\"og:type\" content=\"article\" \/>\n<meta property=\"og:title\" content=\"Tarifs et Inscriptions MusiquenDans&#039; - DANSENVIE\" \/>\n<meta property=\"og:description\" content=\"Stage Danse 150 \u20ac&nbsp;pour les \u00e9l\u00e8ves de MusiquEnvie. 220 \u20ac&nbsp;pour les \u00e9l\u00e8ves ext\u00e9rieurs. Stage&nbsp;Musique 190 \u20ac&nbsp;pour les \u00e9l\u00e8ves de MusiquEnvie. 295 \u20ac&nbsp;pour les \u00e9l\u00e8ves ext\u00e9rieurs. RESTAURATION Pour le repas du midi, 3 choix sont possibles :\u2013 Formule repas complet sur place \u00e0 13 euros par jour (r\u00e9servation obligatoire avant le 24 mars)\u2013 Apport personnel du &hellip; Continuer la lecture de &laquo;&nbsp;Tarifs et Inscriptions MusiquenDans&rsquo;&nbsp;&raquo;\" \/>\n<meta property=\"og:url\" content=\"https:\/\/www.dansenvie.com\/index.php\/tarifs-et-inscriptions-musiquendans\/\" \/>\n<meta property=\"og:site_name\" content=\"DANSENVIE\" \/>\n<meta property=\"article:publisher\" content=\"https:\/\/www.facebook.com\/profile.php?id=100093099844259\" \/>\n<meta property=\"article:modified_time\" content=\"2026-02-10T10:49:42+00:00\" \/>\n<meta name=\"twitter:card\" content=\"summary_large_image\" \/>\n<meta name=\"twitter:label1\" content=\"Dur\u00e9e de lecture estim\u00e9e\" \/>\n\t<meta name=\"twitter:data1\" content=\"1 minute\" \/>\n<script type=\"application\/ld+json\" class=\"yoast-schema-graph\">{\"@context\":\"https:\\\/\\\/schema.org\",\"@graph\":[{\"@type\":\"WebPage\",\"@id\":\"https:\\\/\\\/www.dansenvie.com\\\/index.php\\\/tarifs-et-inscriptions-musiquendans\\\/\",\"url\":\"https:\\\/\\\/www.dansenvie.com\\\/index.php\\\/tarifs-et-inscriptions-musiquendans\\\/\",\"name\":\"Tarifs et Inscriptions MusiquenDans' - DANSENVIE\",\"isPartOf\":{\"@id\":\"https:\\\/\\\/www.dansenvie.com\\\/#website\"},\"datePublished\":\"2024-02-13T08:50:50+00:00\",\"dateModified\":\"2026-02-10T10:49:42+00:00\",\"breadcrumb\":{\"@id\":\"https:\\\/\\\/www.dansenvie.com\\\/index.php\\\/tarifs-et-inscriptions-musiquendans\\\/#breadcrumb\"},\"inLanguage\":\"fr-FR\",\"potentialAction\":[{\"@type\":\"ReadAction\",\"target\":[\"https:\\\/\\\/www.dansenvie.com\\\/index.php\\\/tarifs-et-inscriptions-musiquendans\\\/\"]}]},{\"@type\":\"BreadcrumbList\",\"@id\":\"https:\\\/\\\/www.dansenvie.com\\\/index.php\\\/tarifs-et-inscriptions-musiquendans\\\/#breadcrumb\",\"itemListElement\":[{\"@type\":\"ListItem\",\"position\":1,\"name\":\"Accueil\",\"item\":\"https:\\\/\\\/www.dansenvie.com\\\/\"},{\"@type\":\"ListItem\",\"position\":2,\"name\":\"Tarifs et Inscriptions MusiquenDans&rsquo;\"}]},{\"@type\":\"WebSite\",\"@id\":\"https:\\\/\\\/www.dansenvie.com\\\/#website\",\"url\":\"https:\\\/\\\/www.dansenvie.com\\\/\",\"name\":\"DANSENVIE\",\"description\":\"L&#039;\u00c9cole de danse associative Bo\u00e9, Bon-Encontre, Colayrac, Foulayronnes\",\"publisher\":{\"@id\":\"https:\\\/\\\/www.dansenvie.com\\\/#organization\"},\"potentialAction\":[{\"@type\":\"SearchAction\",\"target\":{\"@type\":\"EntryPoint\",\"urlTemplate\":\"https:\\\/\\\/www.dansenvie.com\\\/?s={search_term_string}\"},\"query-input\":{\"@type\":\"PropertyValueSpecification\",\"valueRequired\":true,\"valueName\":\"search_term_string\"}}],\"inLanguage\":\"fr-FR\"},{\"@type\":\"Organization\",\"@id\":\"https:\\\/\\\/www.dansenvie.com\\\/#organization\",\"name\":\"DANSENVIE\",\"url\":\"https:\\\/\\\/www.dansenvie.com\\\/\",\"logo\":{\"@type\":\"ImageObject\",\"inLanguage\":\"fr-FR\",\"@id\":\"https:\\\/\\\/www.dansenvie.com\\\/#\\\/schema\\\/logo\\\/image\\\/\",\"url\":\"http:\\\/\\\/www.dansenvie.com\\\/wp-content\\\/uploads\\\/2023\\\/05\\\/cropped-Logo-DansEnvie.png\",\"contentUrl\":\"http:\\\/\\\/www.dansenvie.com\\\/wp-content\\\/uploads\\\/2023\\\/05\\\/cropped-Logo-DansEnvie.png\",\"width\":659,\"height\":250,\"caption\":\"DANSENVIE\"},\"image\":{\"@id\":\"https:\\\/\\\/www.dansenvie.com\\\/#\\\/schema\\\/logo\\\/image\\\/\"},\"sameAs\":[\"https:\\\/\\\/www.facebook.com\\\/profile.php?id=100093099844259\"]}]}<\/script>\n<!-- \/ Yoast SEO plugin. -->","yoast_head_json":{"title":"Tarifs et Inscriptions MusiquenDans' - DANSENVIE","robots":{"index":"index","follow":"follow","max-snippet":"max-snippet:-1","max-image-preview":"max-image-preview:large","max-video-preview":"max-video-preview:-1"},"canonical":"https:\/\/www.dansenvie.com\/index.php\/tarifs-et-inscriptions-musiquendans\/","og_locale":"fr_FR","og_type":"article","og_title":"Tarifs et Inscriptions MusiquenDans' - DANSENVIE","og_description":"Stage Danse 150 \u20ac&nbsp;pour les \u00e9l\u00e8ves de MusiquEnvie. 220 \u20ac&nbsp;pour les \u00e9l\u00e8ves ext\u00e9rieurs. Stage&nbsp;Musique 190 \u20ac&nbsp;pour les \u00e9l\u00e8ves de MusiquEnvie. 295 \u20ac&nbsp;pour les \u00e9l\u00e8ves ext\u00e9rieurs. RESTAURATION Pour le repas du midi, 3 choix sont possibles :\u2013 Formule repas complet sur place \u00e0 13 euros par jour (r\u00e9servation obligatoire avant le 24 mars)\u2013 Apport personnel du &hellip; Continuer la lecture de &laquo;&nbsp;Tarifs et Inscriptions MusiquenDans&rsquo;&nbsp;&raquo;","og_url":"https:\/\/www.dansenvie.com\/index.php\/tarifs-et-inscriptions-musiquendans\/","og_site_name":"DANSENVIE","article_publisher":"https:\/\/www.facebook.com\/profile.php?id=100093099844259","article_modified_time":"2026-02-10T10:49:42+00:00","twitter_card":"summary_large_image","twitter_misc":{"Dur\u00e9e de lecture estim\u00e9e":"1 minute"},"schema":{"@context":"https:\/\/schema.org","@graph":[{"@type":"WebPage","@id":"https:\/\/www.dansenvie.com\/index.php\/tarifs-et-inscriptions-musiquendans\/","url":"https:\/\/www.dansenvie.com\/index.php\/tarifs-et-inscriptions-musiquendans\/","name":"Tarifs et Inscriptions MusiquenDans' - DANSENVIE","isPartOf":{"@id":"https:\/\/www.dansenvie.com\/#website"},"datePublished":"2024-02-13T08:50:50+00:00","dateModified":"2026-02-10T10:49:42+00:00","breadcrumb":{"@id":"https:\/\/www.dansenvie.com\/index.php\/tarifs-et-inscriptions-musiquendans\/#breadcrumb"},"inLanguage":"fr-FR","potentialAction":[{"@type":"ReadAction","target":["https:\/\/www.dansenvie.com\/index.php\/tarifs-et-inscriptions-musiquendans\/"]}]},{"@type":"BreadcrumbList","@id":"https:\/\/www.dansenvie.com\/index.php\/tarifs-et-inscriptions-musiquendans\/#breadcrumb","itemListElement":[{"@type":"ListItem","position":1,"name":"Accueil","item":"https:\/\/www.dansenvie.com\/"},{"@type":"ListItem","position":2,"name":"Tarifs et Inscriptions MusiquenDans&rsquo;"}]},{"@type":"WebSite","@id":"https:\/\/www.dansenvie.com\/#website","url":"https:\/\/www.dansenvie.com\/","name":"DANSENVIE","description":"L&#039;\u00c9cole de danse associative Bo\u00e9, Bon-Encontre, Colayrac, Foulayronnes","publisher":{"@id":"https:\/\/www.dansenvie.com\/#organization"},"potentialAction":[{"@type":"SearchAction","target":{"@type":"EntryPoint","urlTemplate":"https:\/\/www.dansenvie.com\/?s={search_term_string}"},"query-input":{"@type":"PropertyValueSpecification","valueRequired":true,"valueName":"search_term_string"}}],"inLanguage":"fr-FR"},{"@type":"Organization","@id":"https:\/\/www.dansenvie.com\/#organization","name":"DANSENVIE","url":"https:\/\/www.dansenvie.com\/","logo":{"@type":"ImageObject","inLanguage":"fr-FR","@id":"https:\/\/www.dansenvie.com\/#\/schema\/logo\/image\/","url":"http:\/\/www.dansenvie.com\/wp-content\/uploads\/2023\/05\/cropped-Logo-DansEnvie.png","contentUrl":"http:\/\/www.dansenvie.com\/wp-content\/uploads\/2023\/05\/cropped-Logo-DansEnvie.png","width":659,"height":250,"caption":"DANSENVIE"},"image":{"@id":"https:\/\/www.dansenvie.com\/#\/schema\/logo\/image\/"},"sameAs":["https:\/\/www.facebook.com\/profile.php?id=100093099844259"]}]}},"_links":{"self":[{"href":"https:\/\/www.dansenvie.com\/index.php\/wp-json\/wp\/v2\/pages\/512","targetHints":{"allow":["GET"]}}],"collection":[{"href":"https:\/\/www.dansenvie.com\/index.php\/wp-json\/wp\/v2\/pages"}],"about":[{"href":"https:\/\/www.dansenvie.com\/index.php\/wp-json\/wp\/v2\/types\/page"}],"author":[{"embeddable":true,"href":"https:\/\/www.dansenvie.com\/index.php\/wp-json\/wp\/v2\/users\/1"}],"replies":[{"embeddable":true,"href":"https:\/\/www.dansenvie.com\/index.php\/wp-json\/wp\/v2\/comments?post=512"}],"version-history":[{"count":7,"href":"https:\/\/www.dansenvie.com\/index.php\/wp-json\/wp\/v2\/pages\/512\/revisions"}],"predecessor-version":[{"id":984,"href":"https:\/\/www.dansenvie.com\/index.php\/wp-json\/wp\/v2\/pages\/512\/revisions\/984"}],"wp:attachment":[{"href":"https:\/\/www.dansenvie.com\/index.php\/wp-json\/wp\/v2\/media?parent=512"}],"curies":[{"name":"wp","href":"https:\/\/api.w.org\/{rel}","templated":true}]}}