{"id":18,"date":"2023-05-16T10:21:03","date_gmt":"2023-05-16T08:21:03","guid":{"rendered":"http:\/\/dansenvie.com\/?page_id=18"},"modified":"2025-07-29T11:00:54","modified_gmt":"2025-07-29T09:00:54","slug":"classique","status":"publish","type":"page","link":"https:\/\/www.dansenvie.com\/index.php\/classique\/","title":{"rendered":"Classique"},"content":{"rendered":"\n<div class=\"wp-block-group is-nowrap is-layout-flex wp-container-core-group-is-layout-ad2f72ca wp-block-group-is-layout-flex\">\n<figure class=\"wp-block-image size-large animated pulse\"><img loading=\"lazy\" decoding=\"async\" width=\"680\" height=\"1024\" src=\"https:\/\/www.dansenvie.com\/wp-content\/uploads\/2023\/05\/young-2732931-680x1024.jpg\" alt=\"\" class=\"wp-image-151\" srcset=\"https:\/\/www.dansenvie.com\/wp-content\/uploads\/2023\/05\/young-2732931-680x1024.jpg 680w, https:\/\/www.dansenvie.com\/wp-content\/uploads\/2023\/05\/young-2732931-199x300.jpg 199w, https:\/\/www.dansenvie.com\/wp-content\/uploads\/2023\/05\/young-2732931-768x1157.jpg 768w, https:\/\/www.dansenvie.com\/wp-content\/uploads\/2023\/05\/young-2732931-1020x1536.jpg 1020w, https:\/\/www.dansenvie.com\/wp-content\/uploads\/2023\/05\/young-2732931-1360x2048.jpg 1360w, https:\/\/www.dansenvie.com\/wp-content\/uploads\/2023\/05\/young-2732931-scaled.jpg 1700w\" sizes=\"auto, (max-width: 680px) 100vw, 680px\" \/><\/figure>\n\n\n\n<p><br>Bien connue depuis des si\u00e8cles comme discipline m\u00ealant gr\u00e2ce et l\u00e9g\u00e8ret\u00e9, la danse classique \u00e0 su traverser les si\u00e8cles en faisant honneur \u00e0 ses fondateurs tout en s&rsquo;adaptant \u00e0 l&rsquo;\u00e9volution du monde , des corps, des esprits.<br>\u00c0 la recherche de la justesse dans l&rsquo;ex\u00e9cution d&rsquo;une technique tr\u00e8s difficile donnant l&rsquo;impression de facilit\u00e9, cette discipline \u00e0 bien \u00e9volu\u00e9 aujourd&rsquo;hui, notamment dans sa p\u00e9dagogie, pour un apprentissage bienveillant et respectueux du corps, pour un d\u00e9passement de soi de fa\u00e7on ludique et dynamique.<br>Une expression artistique qui sait m\u00ealer rigueur et plaisir.<\/p>\n<\/div>\n\n\n\n<p><strong>Avec C\u00e9cile le samedi \u00e0 Foulayronnes<\/strong><br>Classique 1  :    (7-10ans) :  9h30-10h30<br>Classique 2 :    (10-11 ans) : 10h30-11h30<br>Classique 2+ : (12-15 ans) : 10h30-12h30 <\/p>\n","protected":false},"excerpt":{"rendered":"<p>Bien connue depuis des si\u00e8cles comme discipline m\u00ealant gr\u00e2ce et l\u00e9g\u00e8ret\u00e9, la danse classique \u00e0 su traverser les si\u00e8cles en faisant honneur \u00e0 ses fondateurs tout en s&rsquo;adaptant \u00e0 l&rsquo;\u00e9volution du monde , des corps, des esprits.\u00c0 la recherche de la justesse dans l&rsquo;ex\u00e9cution d&rsquo;une technique tr\u00e8s difficile donnant l&rsquo;impression de facilit\u00e9, cette discipline \u00e0 &hellip; <\/p>\n<p class=\"link-more\"><a href=\"https:\/\/www.dansenvie.com\/index.php\/classique\/\" class=\"more-link\">Continuer la lecture<span class=\"screen-reader-text\"> de &laquo;&nbsp;Classique&nbsp;&raquo;<\/span><\/a><\/p>\n","protected":false},"author":1,"featured_media":0,"parent":0,"menu_order":0,"comment_status":"closed","ping_status":"closed","template":"","meta":{"_themeisle_gutenberg_block_has_review":false,"footnotes":""},"class_list":["post-18","page","type-page","status-publish","hentry"],"yoast_head":"<!-- This site is optimized with the Yoast SEO plugin v27.5 - https:\/\/yoast.com\/product\/yoast-seo-wordpress\/ -->\n<title>Classique - DANSENVIE<\/title>\n<meta name=\"robots\" content=\"index, follow, max-snippet:-1, max-image-preview:large, max-video-preview:-1\" \/>\n<link rel=\"canonical\" href=\"https:\/\/www.dansenvie.com\/index.php\/classique\/\" \/>\n<meta property=\"og:locale\" content=\"fr_FR\" \/>\n<meta property=\"og:type\" content=\"article\" \/>\n<meta property=\"og:title\" content=\"Classique - DANSENVIE\" \/>\n<meta property=\"og:description\" content=\"Bien connue depuis des si\u00e8cles comme discipline m\u00ealant gr\u00e2ce et l\u00e9g\u00e8ret\u00e9, la danse classique \u00e0 su traverser les si\u00e8cles en faisant honneur \u00e0 ses fondateurs tout en s&rsquo;adaptant \u00e0 l&rsquo;\u00e9volution du monde , des corps, des esprits.\u00c0 la recherche de la justesse dans l&rsquo;ex\u00e9cution d&rsquo;une technique tr\u00e8s difficile donnant l&rsquo;impression de facilit\u00e9, cette discipline \u00e0 &hellip; Continuer la lecture de &laquo;&nbsp;Classique&nbsp;&raquo;\" \/>\n<meta property=\"og:url\" content=\"https:\/\/www.dansenvie.com\/index.php\/classique\/\" \/>\n<meta property=\"og:site_name\" content=\"DANSENVIE\" \/>\n<meta property=\"article:publisher\" content=\"https:\/\/www.facebook.com\/profile.php?id=100093099844259\" \/>\n<meta property=\"article:modified_time\" content=\"2025-07-29T09:00:54+00:00\" \/>\n<meta property=\"og:image\" content=\"http:\/\/www.dansenvie.com\/wp-content\/uploads\/2023\/05\/young-2732931-680x1024.jpg\" \/>\n<meta name=\"twitter:card\" content=\"summary_large_image\" \/>\n<meta name=\"twitter:label1\" content=\"Dur\u00e9e de lecture estim\u00e9e\" \/>\n\t<meta name=\"twitter:data1\" content=\"1 minute\" \/>\n<script type=\"application\/ld+json\" class=\"yoast-schema-graph\">{\"@context\":\"https:\\\/\\\/schema.org\",\"@graph\":[{\"@type\":\"WebPage\",\"@id\":\"https:\\\/\\\/www.dansenvie.com\\\/index.php\\\/classique\\\/\",\"url\":\"https:\\\/\\\/www.dansenvie.com\\\/index.php\\\/classique\\\/\",\"name\":\"Classique - DANSENVIE\",\"isPartOf\":{\"@id\":\"https:\\\/\\\/www.dansenvie.com\\\/#website\"},\"primaryImageOfPage\":{\"@id\":\"https:\\\/\\\/www.dansenvie.com\\\/index.php\\\/classique\\\/#primaryimage\"},\"image\":{\"@id\":\"https:\\\/\\\/www.dansenvie.com\\\/index.php\\\/classique\\\/#primaryimage\"},\"thumbnailUrl\":\"http:\\\/\\\/www.dansenvie.com\\\/wp-content\\\/uploads\\\/2023\\\/05\\\/young-2732931-680x1024.jpg\",\"datePublished\":\"2023-05-16T08:21:03+00:00\",\"dateModified\":\"2025-07-29T09:00:54+00:00\",\"breadcrumb\":{\"@id\":\"https:\\\/\\\/www.dansenvie.com\\\/index.php\\\/classique\\\/#breadcrumb\"},\"inLanguage\":\"fr-FR\",\"potentialAction\":[{\"@type\":\"ReadAction\",\"target\":[\"https:\\\/\\\/www.dansenvie.com\\\/index.php\\\/classique\\\/\"]}]},{\"@type\":\"ImageObject\",\"inLanguage\":\"fr-FR\",\"@id\":\"https:\\\/\\\/www.dansenvie.com\\\/index.php\\\/classique\\\/#primaryimage\",\"url\":\"http:\\\/\\\/www.dansenvie.com\\\/wp-content\\\/uploads\\\/2023\\\/05\\\/young-2732931-680x1024.jpg\",\"contentUrl\":\"http:\\\/\\\/www.dansenvie.com\\\/wp-content\\\/uploads\\\/2023\\\/05\\\/young-2732931-680x1024.jpg\"},{\"@type\":\"BreadcrumbList\",\"@id\":\"https:\\\/\\\/www.dansenvie.com\\\/index.php\\\/classique\\\/#breadcrumb\",\"itemListElement\":[{\"@type\":\"ListItem\",\"position\":1,\"name\":\"Accueil\",\"item\":\"https:\\\/\\\/www.dansenvie.com\\\/\"},{\"@type\":\"ListItem\",\"position\":2,\"name\":\"Classique\"}]},{\"@type\":\"WebSite\",\"@id\":\"https:\\\/\\\/www.dansenvie.com\\\/#website\",\"url\":\"https:\\\/\\\/www.dansenvie.com\\\/\",\"name\":\"DANSENVIE\",\"description\":\"L&#039;\u00c9cole de danse associative Bo\u00e9, Bon-Encontre, Colayrac, Foulayronnes\",\"publisher\":{\"@id\":\"https:\\\/\\\/www.dansenvie.com\\\/#organization\"},\"potentialAction\":[{\"@type\":\"SearchAction\",\"target\":{\"@type\":\"EntryPoint\",\"urlTemplate\":\"https:\\\/\\\/www.dansenvie.com\\\/?s={search_term_string}\"},\"query-input\":{\"@type\":\"PropertyValueSpecification\",\"valueRequired\":true,\"valueName\":\"search_term_string\"}}],\"inLanguage\":\"fr-FR\"},{\"@type\":\"Organization\",\"@id\":\"https:\\\/\\\/www.dansenvie.com\\\/#organization\",\"name\":\"DANSENVIE\",\"url\":\"https:\\\/\\\/www.dansenvie.com\\\/\",\"logo\":{\"@type\":\"ImageObject\",\"inLanguage\":\"fr-FR\",\"@id\":\"https:\\\/\\\/www.dansenvie.com\\\/#\\\/schema\\\/logo\\\/image\\\/\",\"url\":\"http:\\\/\\\/www.dansenvie.com\\\/wp-content\\\/uploads\\\/2023\\\/05\\\/cropped-Logo-DansEnvie.png\",\"contentUrl\":\"http:\\\/\\\/www.dansenvie.com\\\/wp-content\\\/uploads\\\/2023\\\/05\\\/cropped-Logo-DansEnvie.png\",\"width\":659,\"height\":250,\"caption\":\"DANSENVIE\"},\"image\":{\"@id\":\"https:\\\/\\\/www.dansenvie.com\\\/#\\\/schema\\\/logo\\\/image\\\/\"},\"sameAs\":[\"https:\\\/\\\/www.facebook.com\\\/profile.php?id=100093099844259\"]}]}<\/script>\n<!-- \/ Yoast SEO plugin. -->","yoast_head_json":{"title":"Classique - DANSENVIE","robots":{"index":"index","follow":"follow","max-snippet":"max-snippet:-1","max-image-preview":"max-image-preview:large","max-video-preview":"max-video-preview:-1"},"canonical":"https:\/\/www.dansenvie.com\/index.php\/classique\/","og_locale":"fr_FR","og_type":"article","og_title":"Classique - DANSENVIE","og_description":"Bien connue depuis des si\u00e8cles comme discipline m\u00ealant gr\u00e2ce et l\u00e9g\u00e8ret\u00e9, la danse classique \u00e0 su traverser les si\u00e8cles en faisant honneur \u00e0 ses fondateurs tout en s&rsquo;adaptant \u00e0 l&rsquo;\u00e9volution du monde , des corps, des esprits.\u00c0 la recherche de la justesse dans l&rsquo;ex\u00e9cution d&rsquo;une technique tr\u00e8s difficile donnant l&rsquo;impression de facilit\u00e9, cette discipline \u00e0 &hellip; Continuer la lecture de &laquo;&nbsp;Classique&nbsp;&raquo;","og_url":"https:\/\/www.dansenvie.com\/index.php\/classique\/","og_site_name":"DANSENVIE","article_publisher":"https:\/\/www.facebook.com\/profile.php?id=100093099844259","article_modified_time":"2025-07-29T09:00:54+00:00","og_image":[{"url":"http:\/\/www.dansenvie.com\/wp-content\/uploads\/2023\/05\/young-2732931-680x1024.jpg","type":"","width":"","height":""}],"twitter_card":"summary_large_image","twitter_misc":{"Dur\u00e9e de lecture estim\u00e9e":"1 minute"},"schema":{"@context":"https:\/\/schema.org","@graph":[{"@type":"WebPage","@id":"https:\/\/www.dansenvie.com\/index.php\/classique\/","url":"https:\/\/www.dansenvie.com\/index.php\/classique\/","name":"Classique - DANSENVIE","isPartOf":{"@id":"https:\/\/www.dansenvie.com\/#website"},"primaryImageOfPage":{"@id":"https:\/\/www.dansenvie.com\/index.php\/classique\/#primaryimage"},"image":{"@id":"https:\/\/www.dansenvie.com\/index.php\/classique\/#primaryimage"},"thumbnailUrl":"http:\/\/www.dansenvie.com\/wp-content\/uploads\/2023\/05\/young-2732931-680x1024.jpg","datePublished":"2023-05-16T08:21:03+00:00","dateModified":"2025-07-29T09:00:54+00:00","breadcrumb":{"@id":"https:\/\/www.dansenvie.com\/index.php\/classique\/#breadcrumb"},"inLanguage":"fr-FR","potentialAction":[{"@type":"ReadAction","target":["https:\/\/www.dansenvie.com\/index.php\/classique\/"]}]},{"@type":"ImageObject","inLanguage":"fr-FR","@id":"https:\/\/www.dansenvie.com\/index.php\/classique\/#primaryimage","url":"http:\/\/www.dansenvie.com\/wp-content\/uploads\/2023\/05\/young-2732931-680x1024.jpg","contentUrl":"http:\/\/www.dansenvie.com\/wp-content\/uploads\/2023\/05\/young-2732931-680x1024.jpg"},{"@type":"BreadcrumbList","@id":"https:\/\/www.dansenvie.com\/index.php\/classique\/#breadcrumb","itemListElement":[{"@type":"ListItem","position":1,"name":"Accueil","item":"https:\/\/www.dansenvie.com\/"},{"@type":"ListItem","position":2,"name":"Classique"}]},{"@type":"WebSite","@id":"https:\/\/www.dansenvie.com\/#website","url":"https:\/\/www.dansenvie.com\/","name":"DANSENVIE","description":"L&#039;\u00c9cole de danse associative Bo\u00e9, Bon-Encontre, Colayrac, Foulayronnes","publisher":{"@id":"https:\/\/www.dansenvie.com\/#organization"},"potentialAction":[{"@type":"SearchAction","target":{"@type":"EntryPoint","urlTemplate":"https:\/\/www.dansenvie.com\/?s={search_term_string}"},"query-input":{"@type":"PropertyValueSpecification","valueRequired":true,"valueName":"search_term_string"}}],"inLanguage":"fr-FR"},{"@type":"Organization","@id":"https:\/\/www.dansenvie.com\/#organization","name":"DANSENVIE","url":"https:\/\/www.dansenvie.com\/","logo":{"@type":"ImageObject","inLanguage":"fr-FR","@id":"https:\/\/www.dansenvie.com\/#\/schema\/logo\/image\/","url":"http:\/\/www.dansenvie.com\/wp-content\/uploads\/2023\/05\/cropped-Logo-DansEnvie.png","contentUrl":"http:\/\/www.dansenvie.com\/wp-content\/uploads\/2023\/05\/cropped-Logo-DansEnvie.png","width":659,"height":250,"caption":"DANSENVIE"},"image":{"@id":"https:\/\/www.dansenvie.com\/#\/schema\/logo\/image\/"},"sameAs":["https:\/\/www.facebook.com\/profile.php?id=100093099844259"]}]}},"_links":{"self":[{"href":"https:\/\/www.dansenvie.com\/index.php\/wp-json\/wp\/v2\/pages\/18","targetHints":{"allow":["GET"]}}],"collection":[{"href":"https:\/\/www.dansenvie.com\/index.php\/wp-json\/wp\/v2\/pages"}],"about":[{"href":"https:\/\/www.dansenvie.com\/index.php\/wp-json\/wp\/v2\/types\/page"}],"author":[{"embeddable":true,"href":"https:\/\/www.dansenvie.com\/index.php\/wp-json\/wp\/v2\/users\/1"}],"replies":[{"embeddable":true,"href":"https:\/\/www.dansenvie.com\/index.php\/wp-json\/wp\/v2\/comments?post=18"}],"version-history":[{"count":7,"href":"https:\/\/www.dansenvie.com\/index.php\/wp-json\/wp\/v2\/pages\/18\/revisions"}],"predecessor-version":[{"id":855,"href":"https:\/\/www.dansenvie.com\/index.php\/wp-json\/wp\/v2\/pages\/18\/revisions\/855"}],"wp:attachment":[{"href":"https:\/\/www.dansenvie.com\/index.php\/wp-json\/wp\/v2\/media?parent=18"}],"curies":[{"name":"wp","href":"https:\/\/api.w.org\/{rel}","templated":true}]}}